{"id":501,"date":"2016-09-27T15:47:43","date_gmt":"2016-09-27T15:47:43","guid":{"rendered":"http:\/\/fitness2.mythemecloud.io\/?page_id=501"},"modified":"2024-04-26T19:19:47","modified_gmt":"2024-04-26T19:19:47","slug":"products","status":"publish","type":"page","link":"https:\/\/sevenglobalcontinental.com\/es\/products\/","title":{"rendered":"Productos"},"content":{"rendered":"<div data-elementor-type=\"wp-page\" data-elementor-id=\"501\" class=\"elementor elementor-501\">\n\t\t\t\t\t\t<section class=\"elementor-section elementor-top-section elementor-element elementor-element-wyxizls elementor-section-content-middle elementor-section-boxed elementor-section-height-default elementor-section-height-default\" data-id=\"wyxizls\" data-element_type=\"section\">\n\t\t\t\t\t\t<div class=\"elementor-container elementor-column-gap-default\">\n\t\t\t\t\t<div class=\"elementor-column elementor-col-50 elementor-top-column elementor-element elementor-element-ibtffgp\" data-id=\"ibtffgp\" data-element_type=\"column\">\n\t\t\t<div class=\"elementor-widget-wrap elementor-element-populated\">\n\t\t\t\t\t\t<div class=\"elementor-element elementor-element-xdpmieu elementor-widget elementor-widget-heading\" data-id=\"xdpmieu\" data-element_type=\"widget\" data-widget_type=\"heading.default\">\n\t\t\t\t<div class=\"elementor-widget-container\">\n\t\t\t\t\t<h2 class=\"elementor-heading-title elementor-size-default\">Pastillas de Freno<\/h2>\t\t\t\t<\/div>\n\t\t\t\t<\/div>\n\t\t\t\t<div class=\"elementor-element elementor-element-nhkduna elementor-widget elementor-widget-text-editor\" data-id=\"nhkduna\" data-element_type=\"widget\" data-widget_type=\"text-editor.default\">\n\t\t\t\t<div class=\"elementor-widget-container\">\n\t\t\t\t\t\t\t\t\t<p>Es nuestro producto Premium, son creadas especialmente para reemplazar las pastillas originales de su veh\u00edculo. Es un producto fabricado bajo estrictos est\u00e1ndares de calidad (OEM) proporcionando una excelente fuerza de frenado, poco polvo, poco ru\u00eddo y largo tiempo de duraci\u00f3n.<\/p>\t\t\t\t\t\t\t\t<\/div>\n\t\t\t\t<\/div>\n\t\t\t\t\t<\/div>\n\t\t<\/div>\n\t\t\t\t<div class=\"elementor-column elementor-col-50 elementor-top-column elementor-element elementor-element-bveocsz\" data-id=\"bveocsz\" data-element_type=\"column\">\n\t\t\t<div class=\"elementor-widget-wrap elementor-element-populated\">\n\t\t\t\t\t\t<div class=\"elementor-element elementor-element-fgedytl elementor-widget elementor-widget-image\" data-id=\"fgedytl\" data-element_type=\"widget\" data-widget_type=\"image.default\">\n\t\t\t\t<div class=\"elementor-widget-container\">\n\t\t\t\t\t\t\t\t\t\t\t\t\t\t\t<img fetchpriority=\"high\" decoding=\"async\" width=\"1000\" height=\"900\" src=\"https:\/\/sevenglobalcontinental.com\/wp-content\/uploads\/2021\/02\/Pastillas-1000x900-1.jpg\" class=\"attachment-full size-full wp-image-932\" alt=\"\" srcset=\"https:\/\/sevenglobalcontinental.com\/wp-content\/uploads\/2021\/02\/Pastillas-1000x900-1.jpg 1000w, https:\/\/sevenglobalcontinental.com\/wp-content\/uploads\/2021\/02\/Pastillas-1000x900-1-300x270.jpg 300w, https:\/\/sevenglobalcontinental.com\/wp-content\/uploads\/2021\/02\/Pastillas-1000x900-1-768x691.jpg 768w\" sizes=\"(max-width: 1000px) 100vw, 1000px\" \/>\t\t\t\t\t\t\t\t\t\t\t\t\t\t\t<\/div>\n\t\t\t\t<\/div>\n\t\t\t\t\t<\/div>\n\t\t<\/div>\n\t\t\t\t\t<\/div>\n\t\t<\/section>\n\t\t\t\t<section class=\"elementor-section elementor-top-section elementor-element elementor-element-odekghf elementor-section-content-middle elementor-section-boxed elementor-section-height-default elementor-section-height-default\" data-id=\"odekghf\" data-element_type=\"section\">\n\t\t\t\t\t\t<div class=\"elementor-container elementor-column-gap-default\">\n\t\t\t\t\t<div class=\"elementor-column elementor-col-50 elementor-top-column elementor-element elementor-element-nqzkdoo\" data-id=\"nqzkdoo\" data-element_type=\"column\">\n\t\t\t<div class=\"elementor-widget-wrap elementor-element-populated\">\n\t\t\t\t\t\t<div class=\"elementor-element elementor-element-jsueefg elementor-widget elementor-widget-heading\" data-id=\"jsueefg\" data-element_type=\"widget\" data-widget_type=\"heading.default\">\n\t\t\t\t<div class=\"elementor-widget-container\">\n\t\t\t\t\t<h2 class=\"elementor-heading-title elementor-size-default\">Bandas de Freno<\/h2>\t\t\t\t<\/div>\n\t\t\t\t<\/div>\n\t\t\t\t<div class=\"elementor-element elementor-element-hvynxle elementor-widget elementor-widget-text-editor\" data-id=\"hvynxle\" data-element_type=\"widget\" data-widget_type=\"text-editor.default\">\n\t\t\t\t<div class=\"elementor-widget-container\">\n\t\t\t\t\t\t\t\t\t<p>Nuestras bandas son de alta calidad, dise\u00f1ada para resistir la corrosi\u00f3n, reducir vibraciones, ru\u00eddo, desgaste prematuro y proporcionar un excelente rendimiento.<\/p>\t\t\t\t\t\t\t\t<\/div>\n\t\t\t\t<\/div>\n\t\t\t\t\t<\/div>\n\t\t<\/div>\n\t\t\t\t<div class=\"elementor-column elementor-col-50 elementor-top-column elementor-element elementor-element-etyqday\" data-id=\"etyqday\" data-element_type=\"column\">\n\t\t\t<div class=\"elementor-widget-wrap elementor-element-populated\">\n\t\t\t\t\t\t<div class=\"elementor-element elementor-element-qplwrtj elementor-widget elementor-widget-image\" data-id=\"qplwrtj\" data-element_type=\"widget\" data-widget_type=\"image.default\">\n\t\t\t\t<div class=\"elementor-widget-container\">\n\t\t\t\t\t\t\t\t\t\t\t\t\t\t\t<img decoding=\"async\" width=\"1000\" height=\"900\" src=\"https:\/\/sevenglobalcontinental.com\/wp-content\/uploads\/2021\/02\/Bandas-1000x900-1.jpg\" class=\"attachment-full size-full wp-image-933\" alt=\"\" srcset=\"https:\/\/sevenglobalcontinental.com\/wp-content\/uploads\/2021\/02\/Bandas-1000x900-1.jpg 1000w, https:\/\/sevenglobalcontinental.com\/wp-content\/uploads\/2021\/02\/Bandas-1000x900-1-300x270.jpg 300w, https:\/\/sevenglobalcontinental.com\/wp-content\/uploads\/2021\/02\/Bandas-1000x900-1-768x691.jpg 768w\" sizes=\"(max-width: 1000px) 100vw, 1000px\" \/>\t\t\t\t\t\t\t\t\t\t\t\t\t\t\t<\/div>\n\t\t\t\t<\/div>\n\t\t\t\t\t<\/div>\n\t\t<\/div>\n\t\t\t\t\t<\/div>\n\t\t<\/section>\n\t\t\t\t<section class=\"elementor-section elementor-top-section elementor-element elementor-element-leevfbm elementor-section-content-middle elementor-section-boxed elementor-section-height-default elementor-section-height-default\" data-id=\"leevfbm\" data-element_type=\"section\">\n\t\t\t\t\t\t<div class=\"elementor-container elementor-column-gap-default\">\n\t\t\t\t\t<div class=\"elementor-column elementor-col-50 elementor-top-column elementor-element elementor-element-vguldpe\" data-id=\"vguldpe\" data-element_type=\"column\">\n\t\t\t<div class=\"elementor-widget-wrap elementor-element-populated\">\n\t\t\t\t\t\t<div class=\"elementor-element elementor-element-qfqwuun elementor-widget elementor-widget-heading\" data-id=\"qfqwuun\" data-element_type=\"widget\" data-widget_type=\"heading.default\">\n\t\t\t\t<div class=\"elementor-widget-container\">\n\t\t\t\t\t<h2 class=\"elementor-heading-title elementor-size-default\">Discos de Frenos<\/h2>\t\t\t\t<\/div>\n\t\t\t\t<\/div>\n\t\t\t\t<div class=\"elementor-element elementor-element-kniafys elementor-widget elementor-widget-text-editor\" data-id=\"kniafys\" data-element_type=\"widget\" data-widget_type=\"text-editor.default\">\n\t\t\t\t<div class=\"elementor-widget-container\">\n\t\t\t\t\t\t\t\t\t<p>Nuestros discos son manufacturados bajo especificaciones OEM con unos equipos de alta tecnolog\u00eda para proveer un rendimiento comprobado, un frenado efectivo y buena disipaci\u00f3n de calor.<\/p>\t\t\t\t\t\t\t\t<\/div>\n\t\t\t\t<\/div>\n\t\t\t\t\t<\/div>\n\t\t<\/div>\n\t\t\t\t<div class=\"elementor-column elementor-col-50 elementor-top-column elementor-element elementor-element-weosoxp\" data-id=\"weosoxp\" data-element_type=\"column\">\n\t\t\t<div class=\"elementor-widget-wrap elementor-element-populated\">\n\t\t\t\t\t\t<div class=\"elementor-element elementor-element-blimtkj elementor-widget elementor-widget-image\" data-id=\"blimtkj\" data-element_type=\"widget\" data-widget_type=\"image.default\">\n\t\t\t\t<div class=\"elementor-widget-container\">\n\t\t\t\t\t\t\t\t\t\t\t\t\t\t\t<img decoding=\"async\" width=\"1000\" height=\"900\" src=\"https:\/\/sevenglobalcontinental.com\/wp-content\/uploads\/2021\/02\/Disco-1000x900-1.jpg\" class=\"attachment-full size-full wp-image-934\" alt=\"\" srcset=\"https:\/\/sevenglobalcontinental.com\/wp-content\/uploads\/2021\/02\/Disco-1000x900-1.jpg 1000w, https:\/\/sevenglobalcontinental.com\/wp-content\/uploads\/2021\/02\/Disco-1000x900-1-300x270.jpg 300w, https:\/\/sevenglobalcontinental.com\/wp-content\/uploads\/2021\/02\/Disco-1000x900-1-768x691.jpg 768w\" sizes=\"(max-width: 1000px) 100vw, 1000px\" \/>\t\t\t\t\t\t\t\t\t\t\t\t\t\t\t<\/div>\n\t\t\t\t<\/div>\n\t\t\t\t\t<\/div>\n\t\t<\/div>\n\t\t\t\t\t<\/div>\n\t\t<\/section>\n\t\t\t\t<section class=\"elementor-section elementor-top-section elementor-element elementor-element-c8d7c79 elementor-section-content-middle elementor-section-boxed elementor-section-height-default elementor-section-height-default\" data-id=\"c8d7c79\" data-element_type=\"section\">\n\t\t\t\t\t\t<div class=\"elementor-container elementor-column-gap-custom\">\n\t\t\t\t\t<div class=\"elementor-column elementor-col-50 elementor-top-column elementor-element elementor-element-23b6c32\" data-id=\"23b6c32\" data-element_type=\"column\">\n\t\t\t<div class=\"elementor-widget-wrap elementor-element-populated\">\n\t\t\t\t\t\t<div class=\"elementor-element elementor-element-b9a67ea elementor-widget elementor-widget-heading\" data-id=\"b9a67ea\" data-element_type=\"widget\" data-widget_type=\"heading.default\">\n\t\t\t\t<div class=\"elementor-widget-container\">\n\t\t\t\t\t<h2 class=\"elementor-heading-title elementor-size-default\">Discos de Frenos Recubiertos<\/h2>\t\t\t\t<\/div>\n\t\t\t\t<\/div>\n\t\t\t\t<div class=\"elementor-element elementor-element-71b9ddd elementor-widget elementor-widget-text-editor\" data-id=\"71b9ddd\" data-element_type=\"widget\" data-widget_type=\"text-editor.default\">\n\t\t\t\t<div class=\"elementor-widget-container\">\n\t\t\t\t\t\t\t\t\t<p>Estos discos tienen las mismas caracter\u00edsticas que los normales con la excepci\u00f3n que tienen adem\u00e1s un tratamiento anticorrosivo.<\/p>\t\t\t\t\t\t\t\t<\/div>\n\t\t\t\t<\/div>\n\t\t\t\t\t<\/div>\n\t\t<\/div>\n\t\t\t\t<div class=\"elementor-column elementor-col-50 elementor-top-column elementor-element elementor-element-e493465\" data-id=\"e493465\" data-element_type=\"column\">\n\t\t\t<div class=\"elementor-widget-wrap elementor-element-populated\">\n\t\t\t\t\t\t<div class=\"elementor-element elementor-element-01acdd2 elementor-widget elementor-widget-image\" data-id=\"01acdd2\" data-element_type=\"widget\" data-widget_type=\"image.default\">\n\t\t\t\t<div class=\"elementor-widget-container\">\n\t\t\t\t\t\t\t\t\t\t\t\t\t\t\t<img loading=\"lazy\" decoding=\"async\" width=\"1000\" height=\"900\" src=\"https:\/\/sevenglobalcontinental.com\/wp-content\/uploads\/2022\/05\/Coated-Rotor-1000x900-1.jpg\" class=\"attachment-full size-full wp-image-1140\" alt=\"\" srcset=\"https:\/\/sevenglobalcontinental.com\/wp-content\/uploads\/2022\/05\/Coated-Rotor-1000x900-1.jpg 1000w, https:\/\/sevenglobalcontinental.com\/wp-content\/uploads\/2022\/05\/Coated-Rotor-1000x900-1-300x270.jpg 300w, https:\/\/sevenglobalcontinental.com\/wp-content\/uploads\/2022\/05\/Coated-Rotor-1000x900-1-768x691.jpg 768w, https:\/\/sevenglobalcontinental.com\/wp-content\/uploads\/2022\/05\/Coated-Rotor-1000x900-1-13x12.jpg 13w\" sizes=\"(max-width: 1000px) 100vw, 1000px\" \/>\t\t\t\t\t\t\t\t\t\t\t\t\t\t\t<\/div>\n\t\t\t\t<\/div>\n\t\t\t\t\t<\/div>\n\t\t<\/div>\n\t\t\t\t\t<\/div>\n\t\t<\/section>\n\t\t\t\t<section class=\"elementor-section elementor-top-section elementor-element elementor-element-f05b7b4 elementor-section-content-middle elementor-section-boxed elementor-section-height-default elementor-section-height-default\" data-id=\"f05b7b4\" data-element_type=\"section\">\n\t\t\t\t\t\t<div class=\"elementor-container elementor-column-gap-custom\">\n\t\t\t\t\t<div class=\"elementor-column elementor-col-50 elementor-top-column elementor-element elementor-element-02dd992\" data-id=\"02dd992\" data-element_type=\"column\">\n\t\t\t<div class=\"elementor-widget-wrap elementor-element-populated\">\n\t\t\t\t\t\t<div class=\"elementor-element elementor-element-b858769 elementor-widget elementor-widget-heading\" data-id=\"b858769\" data-element_type=\"widget\" data-widget_type=\"heading.default\">\n\t\t\t\t<div class=\"elementor-widget-container\">\n\t\t\t\t\t<h2 class=\"elementor-heading-title elementor-size-default\">Discos de Frenos Perforados<\/h2>\t\t\t\t<\/div>\n\t\t\t\t<\/div>\n\t\t\t\t<div class=\"elementor-element elementor-element-4d2fade elementor-widget elementor-widget-text-editor\" data-id=\"4d2fade\" data-element_type=\"widget\" data-widget_type=\"text-editor.default\">\n\t\t\t\t<div class=\"elementor-widget-container\">\n\t\t\t\t\t\t\t\t\t<p>Estos discos poseen agujeros perforados que expulsan los gases para restaurar r\u00e1pidamente la fuerza del frenado adem\u00e1s de mantener los discos secos logrando consistencia hasta en condiciones humedas.<\/p>\t\t\t\t\t\t\t\t<\/div>\n\t\t\t\t<\/div>\n\t\t\t\t\t<\/div>\n\t\t<\/div>\n\t\t\t\t<div class=\"elementor-column elementor-col-50 elementor-top-column elementor-element elementor-element-c996927\" data-id=\"c996927\" data-element_type=\"column\">\n\t\t\t<div class=\"elementor-widget-wrap elementor-element-populated\">\n\t\t\t\t\t\t<div class=\"elementor-element elementor-element-185b3d3 elementor-widget elementor-widget-image\" data-id=\"185b3d3\" data-element_type=\"widget\" data-widget_type=\"image.default\">\n\t\t\t\t<div class=\"elementor-widget-container\">\n\t\t\t\t\t\t\t\t\t\t\t\t\t\t\t<img loading=\"lazy\" decoding=\"async\" width=\"1000\" height=\"900\" src=\"https:\/\/sevenglobalcontinental.com\/wp-content\/uploads\/2022\/05\/Drilled-Rotor-1000x900-1.jpg\" class=\"attachment-full size-full wp-image-1141\" alt=\"\" srcset=\"https:\/\/sevenglobalcontinental.com\/wp-content\/uploads\/2022\/05\/Drilled-Rotor-1000x900-1.jpg 1000w, https:\/\/sevenglobalcontinental.com\/wp-content\/uploads\/2022\/05\/Drilled-Rotor-1000x900-1-300x270.jpg 300w, https:\/\/sevenglobalcontinental.com\/wp-content\/uploads\/2022\/05\/Drilled-Rotor-1000x900-1-768x691.jpg 768w, https:\/\/sevenglobalcontinental.com\/wp-content\/uploads\/2022\/05\/Drilled-Rotor-1000x900-1-13x12.jpg 13w\" sizes=\"(max-width: 1000px) 100vw, 1000px\" \/>\t\t\t\t\t\t\t\t\t\t\t\t\t\t\t<\/div>\n\t\t\t\t<\/div>\n\t\t\t\t\t<\/div>\n\t\t<\/div>\n\t\t\t\t\t<\/div>\n\t\t<\/section>\n\t\t\t\t<section class=\"elementor-section elementor-top-section elementor-element elementor-element-5ca5b15 elementor-section-content-middle elementor-section-boxed elementor-section-height-default elementor-section-height-default\" data-id=\"5ca5b15\" data-element_type=\"section\">\n\t\t\t\t\t\t<div class=\"elementor-container elementor-column-gap-custom\">\n\t\t\t\t\t<div class=\"elementor-column elementor-col-50 elementor-top-column elementor-element elementor-element-d6ebf62\" data-id=\"d6ebf62\" data-element_type=\"column\">\n\t\t\t<div class=\"elementor-widget-wrap elementor-element-populated\">\n\t\t\t\t\t\t<div class=\"elementor-element elementor-element-82cefc1 elementor-widget elementor-widget-heading\" data-id=\"82cefc1\" data-element_type=\"widget\" data-widget_type=\"heading.default\">\n\t\t\t\t<div class=\"elementor-widget-container\">\n\t\t\t\t\t<h2 class=\"elementor-heading-title elementor-size-default\">Cilindros de Rueda<\/h2>\t\t\t\t<\/div>\n\t\t\t\t<\/div>\n\t\t\t\t<div class=\"elementor-element elementor-element-e7c55b6 elementor-widget elementor-widget-text-editor\" data-id=\"e7c55b6\" data-element_type=\"widget\" data-widget_type=\"text-editor.default\">\n\t\t\t\t<div class=\"elementor-widget-container\">\n\t\t\t\t\t\t\t\t\t<p>Nuestros cilindros est\u00e1n hechos con materiales de alta calidad para darles una larga duraci\u00f3n y m\u00e1xima potencia de frenado, adem\u00e1s de proporcionar una excelente estabilidad mec\u00e1nica.<\/p>\t\t\t\t\t\t\t\t<\/div>\n\t\t\t\t<\/div>\n\t\t\t\t\t<\/div>\n\t\t<\/div>\n\t\t\t\t<div class=\"elementor-column elementor-col-50 elementor-top-column elementor-element elementor-element-e595090\" data-id=\"e595090\" data-element_type=\"column\">\n\t\t\t<div class=\"elementor-widget-wrap elementor-element-populated\">\n\t\t\t\t\t\t<div class=\"elementor-element elementor-element-093bc81 elementor-widget elementor-widget-image\" data-id=\"093bc81\" data-element_type=\"widget\" data-widget_type=\"image.default\">\n\t\t\t\t<div class=\"elementor-widget-container\">\n\t\t\t\t\t\t\t\t\t\t\t\t\t\t\t<img loading=\"lazy\" decoding=\"async\" width=\"1000\" height=\"900\" src=\"https:\/\/sevenglobalcontinental.com\/wp-content\/uploads\/2022\/05\/Cylinder-1000x900-1.jpg\" class=\"attachment-full size-full wp-image-1142\" alt=\"\" srcset=\"https:\/\/sevenglobalcontinental.com\/wp-content\/uploads\/2022\/05\/Cylinder-1000x900-1.jpg 1000w, https:\/\/sevenglobalcontinental.com\/wp-content\/uploads\/2022\/05\/Cylinder-1000x900-1-300x270.jpg 300w, https:\/\/sevenglobalcontinental.com\/wp-content\/uploads\/2022\/05\/Cylinder-1000x900-1-768x691.jpg 768w, https:\/\/sevenglobalcontinental.com\/wp-content\/uploads\/2022\/05\/Cylinder-1000x900-1-13x12.jpg 13w\" sizes=\"(max-width: 1000px) 100vw, 1000px\" \/>\t\t\t\t\t\t\t\t\t\t\t\t\t\t\t<\/div>\n\t\t\t\t<\/div>\n\t\t\t\t\t<\/div>\n\t\t<\/div>\n\t\t\t\t\t<\/div>\n\t\t<\/section>\n\t\t\t\t<section class=\"elementor-section elementor-top-section elementor-element elementor-element-f6554bd elementor-section-content-middle elementor-section-boxed elementor-section-height-default elementor-section-height-default\" data-id=\"f6554bd\" data-element_type=\"section\">\n\t\t\t\t\t\t<div class=\"elementor-container elementor-column-gap-custom\">\n\t\t\t\t\t<div class=\"elementor-column elementor-col-50 elementor-top-column elementor-element elementor-element-e99a843\" data-id=\"e99a843\" data-element_type=\"column\">\n\t\t\t<div class=\"elementor-widget-wrap elementor-element-populated\">\n\t\t\t\t\t\t<div class=\"elementor-element elementor-element-7d5a20c elementor-widget elementor-widget-heading\" data-id=\"7d5a20c\" data-element_type=\"widget\" data-widget_type=\"heading.default\">\n\t\t\t\t<div class=\"elementor-widget-container\">\n\t\t\t\t\t<h2 class=\"elementor-heading-title elementor-size-default\">Productos Johnsen<\/h2>\t\t\t\t<\/div>\n\t\t\t\t<\/div>\n\t\t\t\t<div class=\"elementor-element elementor-element-ebf0b6f elementor-widget elementor-widget-text-editor\" data-id=\"ebf0b6f\" data-element_type=\"widget\" data-widget_type=\"text-editor.default\">\n\t\t\t\t<div class=\"elementor-widget-container\">\n\t\t\t\t\t\t\t\t\t<p>Esta marca ofrece una variedad de productos de mantenimiento automotriz dise\u00f1ados para satisfacer diferentes necesidades.<\/p><p>Incluyen soluciones para limpieza de frenos, l\u00edquidos de frenos, grasa de caliper, removedor de corrosi\u00f3n, cuidado de la transmisi\u00f3n entre otros. Los clientes pueden encontrar una gama de productos de alta calidad para ayudar a mantener y cuidar sus veh\u00edculos de forma eficaz.<\/p>\t\t\t\t\t\t\t\t<\/div>\n\t\t\t\t<\/div>\n\t\t\t\t\t<\/div>\n\t\t<\/div>\n\t\t\t\t<div class=\"elementor-column elementor-col-50 elementor-top-column elementor-element elementor-element-8ac7263\" data-id=\"8ac7263\" data-element_type=\"column\">\n\t\t\t<div class=\"elementor-widget-wrap elementor-element-populated\">\n\t\t\t\t\t\t<div class=\"elementor-element elementor-element-4a2df85 elementor-widget elementor-widget-image\" data-id=\"4a2df85\" data-element_type=\"widget\" data-widget_type=\"image.default\">\n\t\t\t\t<div class=\"elementor-widget-container\">\n\t\t\t\t\t\t\t\t\t\t\t\t\t\t\t<img loading=\"lazy\" decoding=\"async\" width=\"1000\" height=\"900\" src=\"https:\/\/sevenglobalcontinental.com\/wp-content\/uploads\/2024\/04\/Productos-Johnsens.webp\" class=\"attachment-full size-full wp-image-1153\" alt=\"\" srcset=\"https:\/\/sevenglobalcontinental.com\/wp-content\/uploads\/2024\/04\/Productos-Johnsens.webp 1000w, https:\/\/sevenglobalcontinental.com\/wp-content\/uploads\/2024\/04\/Productos-Johnsens-300x270.webp 300w, https:\/\/sevenglobalcontinental.com\/wp-content\/uploads\/2024\/04\/Productos-Johnsens-768x691.webp 768w, https:\/\/sevenglobalcontinental.com\/wp-content\/uploads\/2024\/04\/Productos-Johnsens-13x12.webp 13w\" sizes=\"(max-width: 1000px) 100vw, 1000px\" \/>\t\t\t\t\t\t\t\t\t\t\t\t\t\t\t<\/div>\n\t\t\t\t<\/div>\n\t\t\t\t\t<\/div>\n\t\t<\/div>\n\t\t\t\t\t<\/div>\n\t\t<\/section>\n\t\t\t\t<\/div>","protected":false},"excerpt":{"rendered":"<p>Brake Pads This is our premium product and as such it&#8217;s designed with a formula of British origins to replace the original pads of your vehicle by being manufactured under strict standards of quality (OEM) providing excellent stopping power, reduced noise and dust, fast fade recovery and long life. Brake Shoes Our Brake Shoes are [&hellip;]<\/p>","protected":false},"author":1,"featured_media":0,"parent":0,"menu_order":0,"comment_status":"closed","ping_status":"closed","template":"","meta":{"_monsterinsights_skip_tracking":false,"_monsterinsights_sitenote_active":false,"_monsterinsights_sitenote_note":"","_monsterinsights_sitenote_category":0,"ocean_post_layout":"full-width","ocean_both_sidebars_style":"","ocean_both_sidebars_content_width":0,"ocean_both_sidebars_sidebars_width":0,"ocean_sidebar":"0","ocean_second_sidebar":"0","ocean_disable_margins":"enable","ocean_add_body_class":"","ocean_shortcode_before_top_bar":"","ocean_shortcode_after_top_bar":"","ocean_shortcode_before_header":"","ocean_shortcode_after_header":"","ocean_has_shortcode":"","ocean_shortcode_after_title":"","ocean_shortcode_before_footer_widgets":"","ocean_shortcode_after_footer_widgets":"","ocean_shortcode_before_footer_bottom":"","ocean_shortcode_after_footer_bottom":"","ocean_display_top_bar":"default","ocean_display_header":"default","ocean_header_style":"","ocean_center_header_left_menu":"0","ocean_custom_header_template":"0","ocean_custom_logo":0,"ocean_custom_retina_logo":0,"ocean_custom_logo_max_width":0,"ocean_custom_logo_tablet_max_width":0,"ocean_custom_logo_mobile_max_width":0,"ocean_custom_logo_max_height":0,"ocean_custom_logo_tablet_max_height":0,"ocean_custom_logo_mobile_max_height":0,"ocean_header_custom_menu":"0","ocean_menu_typo_font_family":"0","ocean_menu_typo_font_subset":"","ocean_menu_typo_font_size":0,"ocean_menu_typo_font_size_tablet":0,"ocean_menu_typo_font_size_mobile":0,"ocean_menu_typo_font_size_unit":"px","ocean_menu_typo_font_weight":"","ocean_menu_typo_font_weight_tablet":"","ocean_menu_typo_font_weight_mobile":"","ocean_menu_typo_transform":"","ocean_menu_typo_transform_tablet":"","ocean_menu_typo_transform_mobile":"","ocean_menu_typo_line_height":0,"ocean_menu_typo_line_height_tablet":0,"ocean_menu_typo_line_height_mobile":0,"ocean_menu_typo_line_height_unit":"","ocean_menu_typo_spacing":0,"ocean_menu_typo_spacing_tablet":0,"ocean_menu_typo_spacing_mobile":0,"ocean_menu_typo_spacing_unit":"","ocean_menu_link_color":"","ocean_menu_link_color_hover":"","ocean_menu_link_color_active":"","ocean_menu_link_background":"","ocean_menu_link_hover_background":"","ocean_menu_link_active_background":"","ocean_menu_social_links_bg":"","ocean_menu_social_hover_links_bg":"","ocean_menu_social_links_color":"","ocean_menu_social_hover_links_color":"","ocean_disable_title":"on","ocean_disable_heading":"default","ocean_post_title":"","ocean_post_subheading":"","ocean_post_title_style":"","ocean_post_title_background_color":"","ocean_post_title_background":0,"ocean_post_title_bg_image_position":"","ocean_post_title_bg_image_attachment":"","ocean_post_title_bg_image_repeat":"","ocean_post_title_bg_image_size":"","ocean_post_title_height":0,"ocean_post_title_bg_overlay":0.5,"ocean_post_title_bg_overlay_color":"","ocean_disable_breadcrumbs":"default","ocean_breadcrumbs_color":"","ocean_breadcrumbs_separator_color":"","ocean_breadcrumbs_links_color":"","ocean_breadcrumbs_links_hover_color":"","ocean_display_footer_widgets":"default","ocean_display_footer_bottom":"default","ocean_custom_footer_template":"0","footnotes":""},"class_list":["post-501","page","type-page","status-publish","hentry","entry"],"_links":{"self":[{"href":"https:\/\/sevenglobalcontinental.com\/es\/wp-json\/wp\/v2\/pages\/501","targetHints":{"allow":["GET"]}}],"collection":[{"href":"https:\/\/sevenglobalcontinental.com\/es\/wp-json\/wp\/v2\/pages"}],"about":[{"href":"https:\/\/sevenglobalcontinental.com\/es\/wp-json\/wp\/v2\/types\/page"}],"author":[{"embeddable":true,"href":"https:\/\/sevenglobalcontinental.com\/es\/wp-json\/wp\/v2\/users\/1"}],"replies":[{"embeddable":true,"href":"https:\/\/sevenglobalcontinental.com\/es\/wp-json\/wp\/v2\/comments?post=501"}],"version-history":[{"count":5,"href":"https:\/\/sevenglobalcontinental.com\/es\/wp-json\/wp\/v2\/pages\/501\/revisions"}],"predecessor-version":[{"id":1157,"href":"https:\/\/sevenglobalcontinental.com\/es\/wp-json\/wp\/v2\/pages\/501\/revisions\/1157"}],"wp:attachment":[{"href":"https:\/\/sevenglobalcontinental.com\/es\/wp-json\/wp\/v2\/media?parent=501"}],"curies":[{"name":"wp","href":"https:\/\/api.w.org\/{rel}","templated":true}]}}