{"id":406,"date":"2016-09-27T09:51:22","date_gmt":"2016-09-27T09:51:22","guid":{"rendered":"http:\/\/fitness2.mythemecloud.io\/?page_id=406"},"modified":"2025-06-19T14:51:33","modified_gmt":"2025-06-19T14:51:33","slug":"about-us","status":"publish","type":"page","link":"https:\/\/sevenglobalcontinental.com\/es\/about-us\/","title":{"rendered":"La empresa"},"content":{"rendered":"<div data-elementor-type=\"wp-page\" data-elementor-id=\"406\" class=\"elementor elementor-406\">\n\t\t\t\t\t\t<section class=\"elementor-section elementor-top-section elementor-element elementor-element-ybrx6zd elementor-section-content-middle elementor-section-boxed elementor-section-height-default elementor-section-height-default\" data-id=\"ybrx6zd\" data-element_type=\"section\">\n\t\t\t\t\t\t<div class=\"elementor-container elementor-column-gap-default\">\n\t\t\t\t\t<div class=\"elementor-column elementor-col-50 elementor-top-column elementor-element elementor-element-nm7wyr2\" data-id=\"nm7wyr2\" data-element_type=\"column\">\n\t\t\t<div class=\"elementor-widget-wrap elementor-element-populated\">\n\t\t\t\t\t\t<div class=\"elementor-element elementor-element-shc2be8 elementor-widget elementor-widget-image\" data-id=\"shc2be8\" data-element_type=\"widget\" data-widget_type=\"image.default\">\n\t\t\t\t<div class=\"elementor-widget-container\">\n\t\t\t\t\t\t\t\t\t\t\t\t\t\t\t<img fetchpriority=\"high\" decoding=\"async\" width=\"768\" height=\"540\" src=\"https:\/\/sevenglobalcontinental.com\/wp-content\/uploads\/2021\/03\/FMSI-768x540-1.jpg\" class=\"attachment-2048x2048 size-2048x2048 wp-image-1123\" alt=\"\" srcset=\"https:\/\/sevenglobalcontinental.com\/wp-content\/uploads\/2021\/03\/FMSI-768x540-1.jpg 768w, https:\/\/sevenglobalcontinental.com\/wp-content\/uploads\/2021\/03\/FMSI-768x540-1-300x211.jpg 300w, https:\/\/sevenglobalcontinental.com\/wp-content\/uploads\/2021\/03\/FMSI-768x540-1-16x12.jpg 16w\" sizes=\"(max-width: 768px) 100vw, 768px\" \/>\t\t\t\t\t\t\t\t\t\t\t\t\t\t\t<\/div>\n\t\t\t\t<\/div>\n\t\t\t\t\t<\/div>\n\t\t<\/div>\n\t\t\t\t<div class=\"elementor-column elementor-col-50 elementor-top-column elementor-element elementor-element-r7gqrhq\" data-id=\"r7gqrhq\" data-element_type=\"column\">\n\t\t\t<div class=\"elementor-widget-wrap elementor-element-populated\">\n\t\t\t\t\t\t<div class=\"elementor-element elementor-element-x4fpxui elementor-widget elementor-widget-text-editor\" data-id=\"x4fpxui\" data-element_type=\"widget\" data-widget_type=\"text-editor.default\">\n\t\t\t\t<div class=\"elementor-widget-container\">\n\t\t\t\t\t\t\t\t\t<p>En <strong>Seven Global Continental<\/strong>, somos m\u00e1s que un distribuidor de piezas de freno; somos un legado de <strong>calidad, confianza e innovaci\u00f3n<\/strong>. Fundada en 1996 como <strong>C.A. Sapphire Motors Company<\/strong>, hemos construido una s\u00f3lida reputaci\u00f3n durante casi tres d\u00e9cadas. Como <strong>empresa familiar<\/strong>, nos especializamos en la distribuci\u00f3n de <strong>componentes de freno de alta calidad y est\u00e1ndar OEM<\/strong> para todo tipo de veh\u00edculos, marcas y modelos.<\/p><h3>Lider Confiable en el mercado automotriz Latinoamericano<\/h3><p>Desde nuestra fundaci\u00f3n, hemos evolucionado <strong>continuamente para satisfacer las demandas de un mercado competitivo y cambiante<\/strong>. Nuestras marcas, <strong>American Brake<\/strong> y nuestra l\u00ednea premium <strong>American Black<\/strong>, representan nuestro compromiso con la <strong>seguridad, el rendimiento y la innovaci\u00f3n en el dise\u00f1o<\/strong>. Servimos a miles de clientes en toda <strong>Am\u00e9rica Latina<\/strong>, posicion\u00e1ndonos como uno de los <strong>proveedores m\u00e1s confiables y estrat\u00e9gicos<\/strong> en la industria de autopartes.<\/p>\t\t\t\t\t\t\t\t<\/div>\n\t\t\t\t<\/div>\n\t\t\t\t\t<\/div>\n\t\t<\/div>\n\t\t\t\t\t<\/div>\n\t\t<\/section>\n\t\t\t\t<section class=\"elementor-section elementor-top-section elementor-element elementor-element-qod0lr5 elementor-section-boxed elementor-section-height-default elementor-section-height-default\" data-id=\"qod0lr5\" data-element_type=\"section\">\n\t\t\t\t\t\t<div class=\"elementor-container elementor-column-gap-default\">\n\t\t\t\t\t<div class=\"elementor-column elementor-col-100 elementor-top-column elementor-element elementor-element-077q1uq\" data-id=\"077q1uq\" data-element_type=\"column\">\n\t\t\t<div class=\"elementor-widget-wrap elementor-element-populated\">\n\t\t\t\t\t\t<div class=\"elementor-element elementor-element-ua4lgrm elementor-widget elementor-widget-heading\" data-id=\"ua4lgrm\" data-element_type=\"widget\" data-widget_type=\"heading.default\">\n\t\t\t\t<div class=\"elementor-widget-container\">\n\t\t\t\t\t<h2 class=\"elementor-heading-title elementor-size-default\">\u00bfQu\u00e9 Nos Hace Diferentes?<\/h2>\t\t\t\t<\/div>\n\t\t\t\t<\/div>\n\t\t\t\t<div class=\"elementor-element elementor-element-jigf8lk elementor-widget-divider--view-line elementor-widget elementor-widget-divider\" data-id=\"jigf8lk\" data-element_type=\"widget\" data-widget_type=\"divider.default\">\n\t\t\t\t<div class=\"elementor-widget-container\">\n\t\t\t\t\t\t\t<div class=\"elementor-divider\">\n\t\t\t<span class=\"elementor-divider-separator\">\n\t\t\t\t\t\t<\/span>\n\t\t<\/div>\n\t\t\t\t\t\t<\/div>\n\t\t\t\t<\/div>\n\t\t\t\t<div class=\"elementor-element elementor-element-i7fhzf9 elementor-widget elementor-widget-text-editor\" data-id=\"i7fhzf9\" data-element_type=\"widget\" data-widget_type=\"text-editor.default\">\n\t\t\t\t<div class=\"elementor-widget-container\">\n\t\t\t\t\t\t\t\t\t<ul><li><p><strong>Calidad y Certificaci\u00f3n Nivel OEM:<\/strong> Nuestros productos cumplen con los est\u00e1ndares de calidad internacionales y est\u00e1n validados por reconocidos laboratorios de pruebas como <strong>AMECA<\/strong>.<\/p><\/li><li><p><strong>Alianzas Estrat\u00e9gicas con Distribuidores:<\/strong> Ofrecemos <strong>soporte de marketing personalizado, capacitaci\u00f3n de productos y herramientas promocionales<\/strong> para ayudar a nuestros socios a crecer con nosotros.<\/p><\/li><li><p><strong>Disponibilidad de Stock y Entrega R\u00e1pida:<\/strong> Con un <strong>centro de distribuci\u00f3n central en Miami<\/strong>, aseguramos la entrega oportuna en toda la regi\u00f3n.<\/p><\/li><li><p><strong>L\u00edneas de Productos Preparadas para el Futuro:<\/strong> Nuestras l\u00edneas de frenos combinan la <strong>excelencia t\u00e9cnica con un dise\u00f1o moderno<\/strong>, manteni\u00e9ndonos a la vanguardia de las tendencias de la industria en 2025 y m\u00e1s all\u00e1.<\/p><\/li><\/ul>\t\t\t\t\t\t\t\t<\/div>\n\t\t\t\t<\/div>\n\t\t\t\t\t<\/div>\n\t\t<\/div>\n\t\t\t\t\t<\/div>\n\t\t<\/section>\n\t\t\t\t<section class=\"elementor-section elementor-top-section elementor-element elementor-element-f9f9750 elementor-section-boxed elementor-section-height-default elementor-section-height-default\" data-id=\"f9f9750\" data-element_type=\"section\">\n\t\t\t\t\t\t<div class=\"elementor-container elementor-column-gap-default\">\n\t\t\t\t\t<div class=\"elementor-column elementor-col-100 elementor-top-column elementor-element elementor-element-6fec904\" data-id=\"6fec904\" data-element_type=\"column\">\n\t\t\t<div class=\"elementor-widget-wrap elementor-element-populated\">\n\t\t\t\t\t\t<div class=\"elementor-element elementor-element-07a7b52 elementor-widget elementor-widget-heading\" data-id=\"07a7b52\" data-element_type=\"widget\" data-widget_type=\"heading.default\">\n\t\t\t\t<div class=\"elementor-widget-container\">\n\t\t\t\t\t<h2 class=\"elementor-heading-title elementor-size-default\">Nuestro Viaje hacia 2025: Crecimiento a trav\u00e9s del Compromiso<\/h2>\t\t\t\t<\/div>\n\t\t\t\t<\/div>\n\t\t\t\t<div class=\"elementor-element elementor-element-f9bedf2 elementor-widget-divider--view-line elementor-widget elementor-widget-divider\" data-id=\"f9bedf2\" data-element_type=\"widget\" data-widget_type=\"divider.default\">\n\t\t\t\t<div class=\"elementor-widget-container\">\n\t\t\t\t\t\t\t<div class=\"elementor-divider\">\n\t\t\t<span class=\"elementor-divider-separator\">\n\t\t\t\t\t\t<\/span>\n\t\t<\/div>\n\t\t\t\t\t\t<\/div>\n\t\t\t\t<\/div>\n\t\t\t\t<div class=\"elementor-element elementor-element-5226d75 elementor-widget elementor-widget-text-editor\" data-id=\"5226d75\" data-element_type=\"widget\" data-widget_type=\"text-editor.default\">\n\t\t\t\t<div class=\"elementor-widget-container\">\n\t\t\t\t\t\t\t\t\t<ul><li><p><strong>1996<\/strong> \u2013 Fundada en Venezuela como <strong>C.A. Sapphire Motors Company<\/strong>.<\/p><\/li><li><p><strong>2000<\/strong> \u2013 Lanzamos nuestra primera marca: <strong>American Brake<\/strong>.<\/p><\/li><li><p><strong>2011<\/strong> \u2013 Introdujimos nuestra l\u00ednea premium: <strong>American Black<\/strong>.<\/p><\/li><li><p><strong>2014\u20132017<\/strong> \u2013 Nos expandimos a <strong>Panam\u00e1, Nicaragua y otros mercados centroamericanos<\/strong>.<\/p><\/li><li><p><strong>2018\u20132020<\/strong> \u2013 Extendimos nuestra presencia a <strong>Aruba, Ecuador, Per\u00fa, Bolivia y Honduras<\/strong>.<\/p><\/li><li><p><strong>2025<\/strong> \u2013 Hoy, nuestros productos son confiables y est\u00e1n disponibles en <strong>Panam\u00e1, Venezuela, Costa Rica, Honduras, Guatemala, Nicaragua, Aruba, Ecuador, la Rep\u00fablica Dominicana<\/strong>\u00a0and more, with continued growth into new territories.<\/p><\/li><\/ul>\t\t\t\t\t\t\t\t<\/div>\n\t\t\t\t<\/div>\n\t\t\t\t\t<\/div>\n\t\t<\/div>\n\t\t\t\t\t<\/div>\n\t\t<\/section>\n\t\t\t\t<section class=\"elementor-section elementor-top-section elementor-element elementor-element-52c7aed elementor-section-boxed elementor-section-height-default elementor-section-height-default\" data-id=\"52c7aed\" data-element_type=\"section\">\n\t\t\t\t\t\t<div class=\"elementor-container elementor-column-gap-default\">\n\t\t\t\t\t<div class=\"elementor-column elementor-col-100 elementor-top-column elementor-element elementor-element-3798be1\" data-id=\"3798be1\" data-element_type=\"column\">\n\t\t\t<div class=\"elementor-widget-wrap elementor-element-populated\">\n\t\t\t\t\t\t<div class=\"elementor-element elementor-element-0e3b46d elementor-widget elementor-widget-heading\" data-id=\"0e3b46d\" data-element_type=\"widget\" data-widget_type=\"heading.default\">\n\t\t\t\t<div class=\"elementor-widget-container\">\n\t\t\t\t\t<h2 class=\"elementor-heading-title elementor-size-default\">Una Marca Construida para el Crecimiento<\/h2>\t\t\t\t<\/div>\n\t\t\t\t<\/div>\n\t\t\t\t<div class=\"elementor-element elementor-element-d8f841c elementor-widget-divider--view-line elementor-widget elementor-widget-divider\" data-id=\"d8f841c\" data-element_type=\"widget\" data-widget_type=\"divider.default\">\n\t\t\t\t<div class=\"elementor-widget-container\">\n\t\t\t\t\t\t\t<div class=\"elementor-divider\">\n\t\t\t<span class=\"elementor-divider-separator\">\n\t\t\t\t\t\t<\/span>\n\t\t<\/div>\n\t\t\t\t\t\t<\/div>\n\t\t\t\t<\/div>\n\t\t\t\t<div class=\"elementor-element elementor-element-250fb5e elementor-widget elementor-widget-text-editor\" data-id=\"250fb5e\" data-element_type=\"widget\" data-widget_type=\"text-editor.default\">\n\t\t\t\t<div class=\"elementor-widget-container\">\n\t\t\t\t\t\t\t\t\t<p>En <strong>Seven Global Continental<\/strong>, no solo vendemos piezas de freno, construimos relaciones a largo plazo. Nuestro \u00e9xito es compartido con nuestros distribuidores, quienes se benefician de nuestras d\u00e9cadas de experiencia, l\u00edneas de productos confiables y un servicio al cliente receptivo.<\/p><p>Ya sea que busques <strong>impulsar tu inventario con soluciones de freno confiables<\/strong> o convertirte en un <strong>distribuidor regional<\/strong>, estamos aqu\u00ed para ayudarte a crecer con confianza.<\/p>\t\t\t\t\t\t\t\t<\/div>\n\t\t\t\t<\/div>\n\t\t\t\t\t<\/div>\n\t\t<\/div>\n\t\t\t\t\t<\/div>\n\t\t<\/section>\n\t\t\t\t<section class=\"elementor-section elementor-top-section elementor-element elementor-element-3a9d335 elementor-section-boxed elementor-section-height-default elementor-section-height-default\" data-id=\"3a9d335\" data-element_type=\"section\">\n\t\t\t\t\t\t<div class=\"elementor-container elementor-column-gap-default\">\n\t\t\t\t\t<div class=\"elementor-column elementor-col-100 elementor-top-column elementor-element elementor-element-75a147b\" data-id=\"75a147b\" data-element_type=\"column\">\n\t\t\t<div class=\"elementor-widget-wrap elementor-element-populated\">\n\t\t\t\t\t\t<div class=\"elementor-element elementor-element-13c84eb elementor-widget elementor-widget-heading\" data-id=\"13c84eb\" data-element_type=\"widget\" data-widget_type=\"heading.default\">\n\t\t\t\t<div class=\"elementor-widget-container\">\n\t\t\t\t\t<h2 class=\"elementor-heading-title elementor-size-default\">Construyamos el Futuro Juntos<\/h2>\t\t\t\t<\/div>\n\t\t\t\t<\/div>\n\t\t\t\t<div class=\"elementor-element elementor-element-e1de730 elementor-widget-divider--view-line elementor-widget elementor-widget-divider\" data-id=\"e1de730\" data-element_type=\"widget\" data-widget_type=\"divider.default\">\n\t\t\t\t<div class=\"elementor-widget-container\">\n\t\t\t\t\t\t\t<div class=\"elementor-divider\">\n\t\t\t<span class=\"elementor-divider-separator\">\n\t\t\t\t\t\t<\/span>\n\t\t<\/div>\n\t\t\t\t\t\t<\/div>\n\t\t\t\t<\/div>\n\t\t\t\t<div class=\"elementor-element elementor-element-4d187f7 elementor-widget elementor-widget-text-editor\" data-id=\"4d187f7\" data-element_type=\"widget\" data-widget_type=\"text-editor.default\">\n\t\t\t\t<div class=\"elementor-widget-container\">\n\t\t\t\t\t\t\t\t\t<p>\u00danete a la creciente red de distribuidores que conf\u00edan en <strong>Seven Global Continental<\/strong> para ofrecer <strong>rendimiento, seguridad y valor<\/strong>.<br \/><strong>Cont\u00e1ctanos hoy<\/strong> para ser parte de nuestra historia de \u00e9xito en las Am\u00e9ricas.<\/p>\t\t\t\t\t\t\t\t<\/div>\n\t\t\t\t<\/div>\n\t\t\t\t\t<\/div>\n\t\t<\/div>\n\t\t\t\t\t<\/div>\n\t\t<\/section>\n\t\t\t\t<section class=\"elementor-section elementor-top-section elementor-element elementor-element-035163e elementor-section-boxed elementor-section-height-default elementor-section-height-default\" data-id=\"035163e\" data-element_type=\"section\">\n\t\t\t\t\t\t<div class=\"elementor-container elementor-column-gap-default\">\n\t\t\t\t\t<div class=\"elementor-column elementor-col-100 elementor-top-column elementor-element elementor-element-82af6b6\" data-id=\"82af6b6\" data-element_type=\"column\">\n\t\t\t<div class=\"elementor-widget-wrap elementor-element-populated\">\n\t\t\t\t\t\t<div class=\"elementor-element elementor-element-cd554e9 elementor-widget elementor-widget-spacer\" data-id=\"cd554e9\" data-element_type=\"widget\" data-widget_type=\"spacer.default\">\n\t\t\t\t<div class=\"elementor-widget-container\">\n\t\t\t\t\t\t\t<div class=\"elementor-spacer\">\n\t\t\t<div class=\"elementor-spacer-inner\"><\/div>\n\t\t<\/div>\n\t\t\t\t\t\t<\/div>\n\t\t\t\t<\/div>\n\t\t\t\t\t<\/div>\n\t\t<\/div>\n\t\t\t\t\t<\/div>\n\t\t<\/section>\n\t\t\t\t<\/div>","protected":false},"excerpt":{"rendered":"<p>At Seven Global Continental, we&#8217;re more than just a brake parts distributor; we&#8217;re a legacy of quality, trust, and innovation. Founded in 1996 as C.A. Sapphire Motors Company, we&#8217;ve built a solid reputation over nearly three decades. As a family-owned company, we specialize in distributing high-quality, OEM-standard brake components for all vehicle types, makes, and [&hellip;]<\/p>","protected":false},"author":1,"featured_media":0,"parent":0,"menu_order":0,"comment_status":"closed","ping_status":"closed","template":"","meta":{"_monsterinsights_skip_tracking":false,"_monsterinsights_sitenote_active":false,"_monsterinsights_sitenote_note":"","_monsterinsights_sitenote_category":0,"ocean_post_layout":"full-width","ocean_both_sidebars_style":"","ocean_both_sidebars_content_width":0,"ocean_both_sidebars_sidebars_width":0,"ocean_sidebar":"0","ocean_second_sidebar":"0","ocean_disable_margins":"enable","ocean_add_body_class":"","ocean_shortcode_before_top_bar":"","ocean_shortcode_after_top_bar":"","ocean_shortcode_before_header":"","ocean_shortcode_after_header":"","ocean_has_shortcode":"","ocean_shortcode_after_title":"","ocean_shortcode_before_footer_widgets":"","ocean_shortcode_after_footer_widgets":"","ocean_shortcode_before_footer_bottom":"","ocean_shortcode_after_footer_bottom":"","ocean_display_top_bar":"default","ocean_display_header":"default","ocean_header_style":"","ocean_center_header_left_menu":"0","ocean_custom_header_template":"0","ocean_custom_logo":0,"ocean_custom_retina_logo":0,"ocean_custom_logo_max_width":0,"ocean_custom_logo_tablet_max_width":0,"ocean_custom_logo_mobile_max_width":0,"ocean_custom_logo_max_height":0,"ocean_custom_logo_tablet_max_height":0,"ocean_custom_logo_mobile_max_height":0,"ocean_header_custom_menu":"0","ocean_menu_typo_font_family":"0","ocean_menu_typo_font_subset":"","ocean_menu_typo_font_size":0,"ocean_menu_typo_font_size_tablet":0,"ocean_menu_typo_font_size_mobile":0,"ocean_menu_typo_font_size_unit":"px","ocean_menu_typo_font_weight":"","ocean_menu_typo_font_weight_tablet":"","ocean_menu_typo_font_weight_mobile":"","ocean_menu_typo_transform":"","ocean_menu_typo_transform_tablet":"","ocean_menu_typo_transform_mobile":"","ocean_menu_typo_line_height":0,"ocean_menu_typo_line_height_tablet":0,"ocean_menu_typo_line_height_mobile":0,"ocean_menu_typo_line_height_unit":"","ocean_menu_typo_spacing":0,"ocean_menu_typo_spacing_tablet":0,"ocean_menu_typo_spacing_mobile":0,"ocean_menu_typo_spacing_unit":"","ocean_menu_link_color":"","ocean_menu_link_color_hover":"","ocean_menu_link_color_active":"","ocean_menu_link_background":"","ocean_menu_link_hover_background":"","ocean_menu_link_active_background":"","ocean_menu_social_links_bg":"","ocean_menu_social_hover_links_bg":"","ocean_menu_social_links_color":"","ocean_menu_social_hover_links_color":"","ocean_disable_title":"on","ocean_disable_heading":"default","ocean_post_title":"","ocean_post_subheading":"","ocean_post_title_style":"","ocean_post_title_background_color":"","ocean_post_title_background":0,"ocean_post_title_bg_image_position":"","ocean_post_title_bg_image_attachment":"","ocean_post_title_bg_image_repeat":"","ocean_post_title_bg_image_size":"","ocean_post_title_height":0,"ocean_post_title_bg_overlay":0.5,"ocean_post_title_bg_overlay_color":"","ocean_disable_breadcrumbs":"default","ocean_breadcrumbs_color":"","ocean_breadcrumbs_separator_color":"","ocean_breadcrumbs_links_color":"","ocean_breadcrumbs_links_hover_color":"","ocean_display_footer_widgets":"default","ocean_display_footer_bottom":"default","ocean_custom_footer_template":"0","footnotes":""},"class_list":["post-406","page","type-page","status-publish","hentry","entry"],"_links":{"self":[{"href":"https:\/\/sevenglobalcontinental.com\/es\/wp-json\/wp\/v2\/pages\/406","targetHints":{"allow":["GET"]}}],"collection":[{"href":"https:\/\/sevenglobalcontinental.com\/es\/wp-json\/wp\/v2\/pages"}],"about":[{"href":"https:\/\/sevenglobalcontinental.com\/es\/wp-json\/wp\/v2\/types\/page"}],"author":[{"embeddable":true,"href":"https:\/\/sevenglobalcontinental.com\/es\/wp-json\/wp\/v2\/users\/1"}],"replies":[{"embeddable":true,"href":"https:\/\/sevenglobalcontinental.com\/es\/wp-json\/wp\/v2\/comments?post=406"}],"version-history":[{"count":5,"href":"https:\/\/sevenglobalcontinental.com\/es\/wp-json\/wp\/v2\/pages\/406\/revisions"}],"predecessor-version":[{"id":1238,"href":"https:\/\/sevenglobalcontinental.com\/es\/wp-json\/wp\/v2\/pages\/406\/revisions\/1238"}],"wp:attachment":[{"href":"https:\/\/sevenglobalcontinental.com\/es\/wp-json\/wp\/v2\/media?parent=406"}],"curies":[{"name":"wp","href":"https:\/\/api.w.org\/{rel}","templated":true}]}}